{"id":554,"date":"2025-01-20T22:18:30","date_gmt":"2025-01-20T21:18:30","guid":{"rendered":"https:\/\/manthano-partner.com\/?page_id=554"},"modified":"2025-01-20T22:18:30","modified_gmt":"2025-01-20T21:18:30","slug":"politique-de-confidentialite","status":"publish","type":"page","link":"https:\/\/manthano-partner.com\/?page_id=554","title":{"rendered":"Politique de confidentialit\u00e9"},"content":{"rendered":"\n<h3 class=\"wp-block-heading\">G\u00e9n\u00e9ralit\u00e9s<\/h3>\n\n\n\n<p>MANTHANO PARTNER, soci\u00e9t\u00e9 par actions simplifi\u00e9e, immatricul\u00e9e au registre du commerce et des soci\u00e9t\u00e9s de Nanterre sous le num\u00e9ro 939 358 511dont le si\u00e8ge social est situ\u00e9 27 rue des bas, 92600 Asni\u00e8res-sur-seine, France \u2013 T\u00e9l : 0622885852<\/p>\n\n\n\n<p>Les utilisateurs du site internet, ci-apr\u00e8s d\u00e9nomm\u00e9s \u00ab&nbsp;Utilisateurs&nbsp;\u00bb, sont g\u00e9n\u00e9ralement des prospects, des clients, ou des prestations d\u2019accompagnements de MANTHANO PARTNER. Le pr\u00e9sent document pr\u00e9cise la mani\u00e8re dont sont trait\u00e9es les donn\u00e9es \u00e0 caract\u00e8re personnel des Utilisateurs. Tout Utilisateur reconna\u00eet avoir pris connaissance et accepte pleinement les informations du pr\u00e9sent document lorsqu\u2019il navigue sur le site internet ou communique par tout moyen avec MANTHANO PARTNER<\/p>\n\n\n\n<p><strong>Traitement des donn\u00e9es personnelles<\/strong><\/p>\n\n\n\n<p>MANTHANO PARTNER est soucieux de la protection des donn\u00e9es personnelles et s\u2019engage \u00e0 assurer le meilleur niveau de protection des donn\u00e9es personnelles de l\u2019Utilisateur conform\u00e9ment au cadre l\u00e9gal et r\u00e9glementaire sp\u00e9cifique, constitu\u00e9 pour la France essentiellement par le R\u00e8glement g\u00e9n\u00e9ral de protection des donn\u00e9es (ci-apr\u00e8s \u00ab RGPD \u00bb) et la loi dite \u00ab Informatique et Libert\u00e9s \u00bb du 6 janvier 1978.<\/p>\n\n\n\n<p><strong>Les donn\u00e9es collect\u00e9es<\/strong><\/p>\n\n\n\n<p>Les informations communiqu\u00e9es par l\u2019Utilisateur par le biais des formulaires disponibles sur le site ou de contacts avec les collaborateurs de MANTHANO PARTNER sont destin\u00e9es aux personnels habilit\u00e9s du MANTHANO PARTNER \u00e0 des fins de gestion administrative et commerciale. Ces donn\u00e9es constituent des donn\u00e9es \u00e0 caract\u00e8re personnel, \u00e0 savoir des informations se rapportant \u00e0 une personne physique identifi\u00e9e ou identifiable.<\/p>\n\n\n\n<p>Les donn\u00e9es sont collect\u00e9es par la saisie du formulaire de contact par l\u2019Utilisateur, disponible sur le site. Ces donn\u00e9es peuvent concern\u00e9es toute information directement saisie dans le formulaire ou identifiable dans un document joint (par exemple un CV ou une lettre de motivation)&nbsp;:<\/p>\n\n\n\n<ul class=\"wp-block-list\">\n<li>Etat-civil, identit\u00e9, photo,<\/li>\n\n\n\n<li>Adresse \u00e9lectronique et postale,<\/li>\n\n\n\n<li>Informations li\u00e9es \u00e0 la vie professionnelle,<\/li>\n\n\n\n<li>Informations d\u2019ordre \u00e9conomique, telles que la r\u00e9mun\u00e9ration fixe et variable,<\/li>\n\n\n\n<li>Donn\u00e9es de connexion (donn\u00e9es techniques collect\u00e9es via les cookies utilis\u00e9s sur les Sites : l\u2019adresse IP et\/ou MAC du terminal utilis\u00e9, le type de terminal, la version du logiciel de navigation), sous r\u00e9serve de l\u2019accord donn\u00e9 par l\u2019Utilisateur via la banni\u00e8re d\u2019acceptation des cookies, s\u2019agissant des cookies soumis au consentement,<\/li>\n\n\n\n<li>Toute autre information facultative ou obligatoire permettant d\u2019identification d\u2019une personne physique.<\/li>\n<\/ul>\n\n\n\n<p>Le caract\u00e8re obligatoire ou facultatif des donn\u00e9es du formulaire de contact est indiqu\u00e9 lors de la collecte par un ast\u00e9risque.<\/p>\n\n\n\n<p><strong>Finalit\u00e9s de la collecte des donn\u00e9es personnelles<\/strong><\/p>\n\n\n\n<p>MANTHANO PARTNER est amen\u00e9 \u00e0 collecter et \u00e0 enregistrer des donn\u00e9es personnelles pour effectuer les traitements suivants :<\/p>\n\n\n\n<ul class=\"wp-block-list\">\n<li>R\u00e9pondre aux questions et demandes d\u2019informations de l\u2019Utilisateur.<\/li>\n\n\n\n<li>Envoyer \u00e0 l\u2019Utilisateur des informations compl\u00e9mentaires, tels que des \u00e9v\u00e9nements \u00e0 venir ou des lettres d\u2019informations.<\/li>\n\n\n\n<li>Dans certains cas, r\u00e9pondre au respect de nos obligations l\u00e9gales et r\u00e9glementaires, telles que la divulgation aux instances officielles, aux autorit\u00e9s de contr\u00f4le ou aux autorit\u00e9s publiques et r\u00e8glementaires.<\/li>\n\n\n\n<li>De mani\u00e8re plus g\u00e9n\u00e9rale, permettre le fonctionnement du site internet.<\/li>\n<\/ul>\n\n\n\n<p>MANTHANO PARTNER consid\u00e8re que l\u2019ensemble des traitements ci-dessus sont n\u00e9cessaires \u00e0 l\u2019ex\u00e9cution de sa mission. Les Utilisateurs sont inform\u00e9s qu\u2019en cas de transmission de donn\u00e9es erron\u00e9es ou fantaisistes, les services li\u00e9s \u00e0 la collecte de ces donn\u00e9es ne pourront pas \u00eatre rendus, MANTHANO PARTNER ne pouvant en aucun cas engager sa responsabilit\u00e9 \u00e0 ce titre.<\/p>\n\n\n\n<p><strong>La dur\u00e9e de conservation des donn\u00e9es<\/strong><\/p>\n\n\n\n<p>MANTHANO PARTNER conserve les donn\u00e9es pendant une dur\u00e9e maximale de trois ans.<\/p>\n\n\n\n<p><strong>Le partage des donn\u00e9es<\/strong><\/p>\n\n\n\n<p>Afin de r\u00e9pondre efficacement aux demandes de l\u2019Utilisateur et \u00e0 la finalit\u00e9 des donn\u00e9es personnelles transmises par lui, les donn\u00e9es peuvent \u00eatre partag\u00e9es avec&nbsp;uniquement les collaborateurs de MANTHANO PARTNER<\/p>\n\n\n\n<p><strong>Responsabilit\u00e9 et droits<\/strong><\/p>\n\n\n\n<p>Bien que le MANTHANO PARTNER s\u2019engage \u00e0 faire le maximum pour prot\u00e9ger les donn\u00e9es personnelles des Utilisateurs, ces derniers sont inform\u00e9s que la transmission d\u2019informations via Internet pr\u00e9sente un risque inh\u00e9rent \u00e0 toutes transmissions sur le r\u00e9seau globale Internet. Pour cette raison, toute transmission de donn\u00e9es personnelle rel\u00e8ve de la seule responsabilit\u00e9 de l\u2019Utilisateur. MANTHANO PARTNER s\u2019engage \u00e0 utiliser des proc\u00e9dures op\u00e9rationnelles strictes ainsi que des mesures de s\u00e9curit\u00e9 technique et organisationnelle ad\u00e9quates, afin de limiter tout risque d\u2019acc\u00e8s, de modification, de suppression ou de transmission non autoris\u00e9s desdites donn\u00e9es personnelles.<\/p>\n\n\n\n<p>En vertu des lois applicables relatives \u00e0 la protection des donn\u00e9es, les droits de l\u2019Utilisateur sont les suivants :<\/p>\n\n\n\n<p>Le droit de limiter le traitement\u00a0: par exemple dans les cas o\u00f9 l\u2019exactitude des donn\u00e9es personnelles serait contest\u00e9e.<\/p>\n\n\n\n<p>Le droit d\u2019acc\u00e9der et d\u2019obtenir une copie des donn\u00e9es personnelles<\/p>\n\n\n\n<p>Le droit de corriger les donn\u00e9es personnelles<\/p>\n\n\n\n<p>Le droit \u00e0 l\u2019oubli\/\u00e0 la suppression des donn\u00e9es personnelles\u00a0: ce droit est soumis \u00e0 tous droits ou obligations qui pourraient \u00eatre attribu\u00e9s par la loi, en mati\u00e8re de conservation des donn\u00e9es. Lorsque, conform\u00e9ment \u00e0 la loi, la demande de suppression des donn\u00e9es personnelles est recevable, il sera proc\u00e9d\u00e9 \u00e0 cette suppression dans les meilleurs d\u00e9lais.<\/p>\n\n\n\n<p>Le droit d\u2019opposition au traitement\u00a0: sous r\u00e9serve d\u2019une justification l\u00e9gitime tenant \u00e0 la particularit\u00e9 de sa situation, l\u2019Utilisateur a le droit de s\u2019opposer \u00e0 la mani\u00e8re dont sont trait\u00e9es ses donn\u00e9es personnelles.<\/p>\n","protected":false},"excerpt":{"rendered":"<p>G\u00e9n\u00e9ralit\u00e9s MANTHANO PARTNER, soci\u00e9t\u00e9 par actions simplifi\u00e9e, immatricul\u00e9e au registre du commerce et des soci\u00e9t\u00e9s de Nanterre sous le num\u00e9ro 939 358 511dont le si\u00e8ge social est situ\u00e9 27 rue des bas, 92600 Asni\u00e8res-sur-seine, France \u2013 T\u00e9l : 0622885852 Les utilisateurs du site internet, ci-apr\u00e8s d\u00e9nomm\u00e9s \u00ab&nbsp;Utilisateurs&nbsp;\u00bb, sont g\u00e9n\u00e9ralement des prospects, des clients, ou des&hellip;&nbsp;<a href=\"https:\/\/manthano-partner.com\/?page_id=554\" rel=\"bookmark\">Read More &raquo;<span class=\"screen-reader-text\">Politique de confidentialit\u00e9<\/span><\/a><\/p>\n","protected":false},"author":1,"featured_media":0,"parent":0,"menu_order":0,"comment_status":"closed","ping_status":"closed","template":"","meta":{"neve_meta_sidebar":"","neve_meta_container":"","neve_meta_enable_content_width":"","neve_meta_content_width":0,"neve_meta_title_alignment":"","neve_meta_author_avatar":"","neve_post_elements_order":"","neve_meta_disable_header":"","neve_meta_disable_footer":"","neve_meta_disable_title":"","footnotes":""},"class_list":["post-554","page","type-page","status-publish","hentry"],"yoast_head":"<!-- This site is optimized with the Yoast SEO plugin v25.5 - https:\/\/yoast.com\/wordpress\/plugins\/seo\/ -->\n<title>Politique de confidentialit\u00e9 - Manthano Partner<\/title>\n<meta name=\"robots\" content=\"index, follow, max-snippet:-1, max-image-preview:large, max-video-preview:-1\" \/>\n<link rel=\"canonical\" href=\"https:\/\/manthano-partner.com\/?page_id=554\" \/>\n<meta property=\"og:locale\" content=\"en_US\" \/>\n<meta property=\"og:type\" content=\"article\" \/>\n<meta property=\"og:title\" content=\"Politique de confidentialit\u00e9 - Manthano Partner\" \/>\n<meta property=\"og:description\" content=\"G\u00e9n\u00e9ralit\u00e9s MANTHANO PARTNER, soci\u00e9t\u00e9 par actions simplifi\u00e9e, immatricul\u00e9e au registre du commerce et des soci\u00e9t\u00e9s de Nanterre sous le num\u00e9ro 939 358 511dont le si\u00e8ge social est situ\u00e9 27 rue des bas, 92600 Asni\u00e8res-sur-seine, France \u2013 T\u00e9l : 0622885852 Les utilisateurs du site internet, ci-apr\u00e8s d\u00e9nomm\u00e9s \u00ab&nbsp;Utilisateurs&nbsp;\u00bb, sont g\u00e9n\u00e9ralement des prospects, des clients, ou des&hellip;&nbsp;Read More &raquo;Politique de confidentialit\u00e9\" \/>\n<meta property=\"og:url\" content=\"https:\/\/manthano-partner.com\/?page_id=554\" \/>\n<meta property=\"og:site_name\" content=\"Manthano Partner\" \/>\n<meta name=\"twitter:card\" content=\"summary_large_image\" \/>\n<meta name=\"twitter:label1\" content=\"Est. reading time\" \/>\n\t<meta name=\"twitter:data1\" content=\"5 minutes\" \/>\n<script type=\"application\/ld+json\" class=\"yoast-schema-graph\">{\"@context\":\"https:\/\/schema.org\",\"@graph\":[{\"@type\":\"WebPage\",\"@id\":\"https:\/\/manthano-partner.com\/?page_id=554\",\"url\":\"https:\/\/manthano-partner.com\/?page_id=554\",\"name\":\"Politique de confidentialit\u00e9 - Manthano Partner\",\"isPartOf\":{\"@id\":\"https:\/\/manthano-partner.com\/#website\"},\"datePublished\":\"2025-01-20T21:18:30+00:00\",\"breadcrumb\":{\"@id\":\"https:\/\/manthano-partner.com\/?page_id=554#breadcrumb\"},\"inLanguage\":\"en-US\",\"potentialAction\":[{\"@type\":\"ReadAction\",\"target\":[\"https:\/\/manthano-partner.com\/?page_id=554\"]}]},{\"@type\":\"BreadcrumbList\",\"@id\":\"https:\/\/manthano-partner.com\/?page_id=554#breadcrumb\",\"itemListElement\":[{\"@type\":\"ListItem\",\"position\":1,\"name\":\"Accueil\",\"item\":\"https:\/\/manthano-partner.com\/\"},{\"@type\":\"ListItem\",\"position\":2,\"name\":\"Politique de confidentialit\u00e9\"}]},{\"@type\":\"WebSite\",\"@id\":\"https:\/\/manthano-partner.com\/#website\",\"url\":\"https:\/\/manthano-partner.com\/\",\"name\":\"Manthano Partner\",\"description\":\"Cabinet de conseil et de gestion externalis\u00e9e d\u00e9di\u00e9 aux formateurs \/ formatrices ind\u00e9pendant(e)s, aux organismes de formation et aux entreprises.\",\"publisher\":{\"@id\":\"https:\/\/manthano-partner.com\/#organization\"},\"potentialAction\":[{\"@type\":\"SearchAction\",\"target\":{\"@type\":\"EntryPoint\",\"urlTemplate\":\"https:\/\/manthano-partner.com\/?s={search_term_string}\"},\"query-input\":{\"@type\":\"PropertyValueSpecification\",\"valueRequired\":true,\"valueName\":\"search_term_string\"}}],\"inLanguage\":\"en-US\"},{\"@type\":\"Organization\",\"@id\":\"https:\/\/manthano-partner.com\/#organization\",\"name\":\"Manthano Partner\",\"url\":\"https:\/\/manthano-partner.com\/\",\"logo\":{\"@type\":\"ImageObject\",\"inLanguage\":\"en-US\",\"@id\":\"https:\/\/manthano-partner.com\/#\/schema\/logo\/image\/\",\"url\":\"https:\/\/manthano-partner.com\/wp-content\/uploads\/2024\/12\/cropped-cropped-Plan-de-travail-1.png\",\"contentUrl\":\"https:\/\/manthano-partner.com\/wp-content\/uploads\/2024\/12\/cropped-cropped-Plan-de-travail-1.png\",\"width\":842,\"height\":556,\"caption\":\"Manthano Partner\"},\"image\":{\"@id\":\"https:\/\/manthano-partner.com\/#\/schema\/logo\/image\/\"},\"sameAs\":[\"https:\/\/www.linkedin.com\/company\/106041371\",\"https:\/\/www.instagram.com\/manthano.partner\/\"]}]}<\/script>\n<!-- \/ Yoast SEO plugin. -->","yoast_head_json":{"title":"Politique de confidentialit\u00e9 - Manthano Partner","robots":{"index":"index","follow":"follow","max-snippet":"max-snippet:-1","max-image-preview":"max-image-preview:large","max-video-preview":"max-video-preview:-1"},"canonical":"https:\/\/manthano-partner.com\/?page_id=554","og_locale":"en_US","og_type":"article","og_title":"Politique de confidentialit\u00e9 - Manthano Partner","og_description":"G\u00e9n\u00e9ralit\u00e9s MANTHANO PARTNER, soci\u00e9t\u00e9 par actions simplifi\u00e9e, immatricul\u00e9e au registre du commerce et des soci\u00e9t\u00e9s de Nanterre sous le num\u00e9ro 939 358 511dont le si\u00e8ge social est situ\u00e9 27 rue des bas, 92600 Asni\u00e8res-sur-seine, France \u2013 T\u00e9l : 0622885852 Les utilisateurs du site internet, ci-apr\u00e8s d\u00e9nomm\u00e9s \u00ab&nbsp;Utilisateurs&nbsp;\u00bb, sont g\u00e9n\u00e9ralement des prospects, des clients, ou des&hellip;&nbsp;Read More &raquo;Politique de confidentialit\u00e9","og_url":"https:\/\/manthano-partner.com\/?page_id=554","og_site_name":"Manthano Partner","twitter_card":"summary_large_image","twitter_misc":{"Est. reading time":"5 minutes"},"schema":{"@context":"https:\/\/schema.org","@graph":[{"@type":"WebPage","@id":"https:\/\/manthano-partner.com\/?page_id=554","url":"https:\/\/manthano-partner.com\/?page_id=554","name":"Politique de confidentialit\u00e9 - Manthano Partner","isPartOf":{"@id":"https:\/\/manthano-partner.com\/#website"},"datePublished":"2025-01-20T21:18:30+00:00","breadcrumb":{"@id":"https:\/\/manthano-partner.com\/?page_id=554#breadcrumb"},"inLanguage":"en-US","potentialAction":[{"@type":"ReadAction","target":["https:\/\/manthano-partner.com\/?page_id=554"]}]},{"@type":"BreadcrumbList","@id":"https:\/\/manthano-partner.com\/?page_id=554#breadcrumb","itemListElement":[{"@type":"ListItem","position":1,"name":"Accueil","item":"https:\/\/manthano-partner.com\/"},{"@type":"ListItem","position":2,"name":"Politique de confidentialit\u00e9"}]},{"@type":"WebSite","@id":"https:\/\/manthano-partner.com\/#website","url":"https:\/\/manthano-partner.com\/","name":"Manthano Partner","description":"Cabinet de conseil et de gestion externalis\u00e9e d\u00e9di\u00e9 aux formateurs \/ formatrices ind\u00e9pendant(e)s, aux organismes de formation et aux entreprises.","publisher":{"@id":"https:\/\/manthano-partner.com\/#organization"},"potentialAction":[{"@type":"SearchAction","target":{"@type":"EntryPoint","urlTemplate":"https:\/\/manthano-partner.com\/?s={search_term_string}"},"query-input":{"@type":"PropertyValueSpecification","valueRequired":true,"valueName":"search_term_string"}}],"inLanguage":"en-US"},{"@type":"Organization","@id":"https:\/\/manthano-partner.com\/#organization","name":"Manthano Partner","url":"https:\/\/manthano-partner.com\/","logo":{"@type":"ImageObject","inLanguage":"en-US","@id":"https:\/\/manthano-partner.com\/#\/schema\/logo\/image\/","url":"https:\/\/manthano-partner.com\/wp-content\/uploads\/2024\/12\/cropped-cropped-Plan-de-travail-1.png","contentUrl":"https:\/\/manthano-partner.com\/wp-content\/uploads\/2024\/12\/cropped-cropped-Plan-de-travail-1.png","width":842,"height":556,"caption":"Manthano Partner"},"image":{"@id":"https:\/\/manthano-partner.com\/#\/schema\/logo\/image\/"},"sameAs":["https:\/\/www.linkedin.com\/company\/106041371","https:\/\/www.instagram.com\/manthano.partner\/"]}]}},"_links":{"self":[{"href":"https:\/\/manthano-partner.com\/index.php?rest_route=\/wp\/v2\/pages\/554","targetHints":{"allow":["GET"]}}],"collection":[{"href":"https:\/\/manthano-partner.com\/index.php?rest_route=\/wp\/v2\/pages"}],"about":[{"href":"https:\/\/manthano-partner.com\/index.php?rest_route=\/wp\/v2\/types\/page"}],"author":[{"embeddable":true,"href":"https:\/\/manthano-partner.com\/index.php?rest_route=\/wp\/v2\/users\/1"}],"replies":[{"embeddable":true,"href":"https:\/\/manthano-partner.com\/index.php?rest_route=%2Fwp%2Fv2%2Fcomments&post=554"}],"version-history":[{"count":1,"href":"https:\/\/manthano-partner.com\/index.php?rest_route=\/wp\/v2\/pages\/554\/revisions"}],"predecessor-version":[{"id":555,"href":"https:\/\/manthano-partner.com\/index.php?rest_route=\/wp\/v2\/pages\/554\/revisions\/555"}],"wp:attachment":[{"href":"https:\/\/manthano-partner.com\/index.php?rest_route=%2Fwp%2Fv2%2Fmedia&parent=554"}],"curies":[{"name":"wp","href":"https:\/\/api.w.org\/{rel}","templated":true}]}}